{"id":69,"date":"2014-12-15T10:29:23","date_gmt":"2014-12-15T10:29:23","guid":{"rendered":"http:\/\/hometown-fresh.loc\/?page_id=69"},"modified":"2016-08-14T10:02:09","modified_gmt":"2016-08-14T10:02:09","slug":"markler","status":"publish","type":"page","link":"https:\/\/ladensteinhome.com\/index.php\/markler\/","title":{"rendered":"Makler Ihr Partner"},"content":{"rendered":"<p>[vc_row][vc_column][vc_text_separator title=&#187;VERKAUF OHNE MAKLER? Die bessere Wahl?&#187;][vc_column_text]Wenn Sie ihre Immobilie ohne Makler verkaufen\/vermieten m\u00f6chten, achten Sie darauf, dass Sie ihr Verm\u00f6gen nicht verringern oder gef\u00e4hrden. Wir k\u00f6nnen nachvollziehen, dass Sie Ihre Immobilie zum bestm\u00f6glichen Preis verkaufen wollen, denn schlie\u00dflich haben Sie Ihre vier W\u00e4nde liebevoll gestaltet, gepflegt und auch viel Geld investiert. So soll der festgelegte Verkaufspreis den tats\u00e4chlichen Wert ihre Immobilie widerspiegeln. Eine sp\u00e4tere Korrektur ist zwar m\u00f6glich, jedoch kann ihre Fehleinsch\u00e4tzung schwere Folgen haben.<\/p>\n<p>&nbsp;<\/p>\n<p><strong><em>Warum die richtige Einsch\u00e4tzung so wichtig ist?<\/em><\/strong><\/p>\n<p>K\u00e4ufer beobachten \u00fcber eine lange Zeitspanne den Immobilienmarkt und sind bestens informiert. Eine sp\u00e4tere Preissenkung wird sehr oft falsch interpretiert und weckt den Verdacht, dass Etwas mit der Immobilie nicht stimmt.<\/p>\n<p>Gr\u00fcnde, warum sich private Verk\u00e4ufer mit dem Verkauf Ihrer Immobilien schwer tun, kann unter anderem an der emotionalen Bindung der Liegenschaft liegen, die sich nicht nur bei der Preisfindung, sondern auch sehr oft beim Verkaufsgespr\u00e4ch nachteilig auswirkt. Des Weiteren f\u00fchren Unkenntnis des Privatverk\u00e4ufers, der sich nicht t\u00e4glich mit der Materie befasst, zu langen Wartezeiten und somit zu einer Unsicherheit Ihrerseits.<\/p>\n<p>&nbsp;<\/p>\n<p>Der Verk\u00e4ufer hat zudem keine Gelegenheit Interessenten durch Vorgespr\u00e4che zu pr\u00fcfen. So wird jeder, der sich als potenzieller K\u00e4ufer ausgibt zum Verkaufsobjekt gelassen. Jedoch nicht alle K\u00e4ufer halten sich mit ihren \u00c4u\u00dferungen zur\u00fcck und in vielen F\u00e4llen wird die Kritik an der Liegenschaft pers\u00f6nlich aufgenommen und ein Verkaufsgespr\u00e4ch kommt so gar nicht zustande.<\/p>\n<p>&nbsp;<\/p>\n<p><strong><em>Die Sicherheit, die ein Makler\u00a0bietet<\/em><\/strong><\/p>\n<p>Zusammengefasst sollte man sich so selbst fragen, was gegen eine Zusammenarbeit mit einem Immobilienmakler spricht? Sie k\u00f6nnen im Erstgespr\u00e4ch den Makler und seine Arbeitsweise kennenlernen und dann in Ruhe entscheiden. Der richtige Verkaufspreis, keinen Stress bei den Besichtigungen, kein Feilschen um den Preis \u2026.Zudem gew\u00e4hrleistet Ladenstein Home, dass unsere Makler den besten Kriterien entsprechen und Sie von Beginn an bis zur Schl\u00fcssel\u00fcbergabe begleitet werden, damit alles so nach Ihren Vorstellungen verl\u00e4uft. Erst wenn es zum Verkauf kommt, erh\u00e4lt der Makler ein Erfolgshonorar, jedoch k\u00f6nnen Sie sich sicher sein, dass Sie ihre Immobilie zum richtigen Preis verkauft\/vermietet haben.<\/p>\n<p>&nbsp;<\/p>\n<p>Mit uns haben sie einen Partner an Ihrer Seite, der Sie unterst\u00fctzt, ber\u00e4t und somit die Zufriedenheit von Verk\u00e4ufer und K\u00e4ufer gew\u00e4hrleistet. So einfach kann der Verkauf ihrer Immobilie sein \u2013 wenn Sie auf einen Immobilienmakler von Ladenstein Home vertrauen![\/vc_column_text][\/vc_column][\/vc_row]<\/p>\n","protected":false},"excerpt":{"rendered":"<p>[vc_row][vc_column][vc_text_separator title=&#187;VERKAUF OHNE MAKLER? Die bessere Wahl?&#187;][vc_column_text]Wenn Sie ihre Immobilie ohne Makler verkaufen\/vermieten m\u00f6chten, achten Sie darauf, dass Sie ihr Verm\u00f6gen nicht verringern oder gef\u00e4hrden. Wir k\u00f6nnen nachvollziehen, dass Sie Ihre Immobilie zum bestm\u00f6glichen Preis verkaufen wollen, denn schlie\u00dflich haben Sie Ihre vier W\u00e4nde liebevoll gestaltet, gepflegt und auch viel Geld investiert. So soll der<\/p>\n","protected":false},"author":1,"featured_media":0,"parent":0,"menu_order":0,"comment_status":"open","ping_status":"open","template":"template-full-width.php","meta":[],"_links":{"self":[{"href":"https:\/\/ladensteinhome.com\/index.php\/wp-json\/wp\/v2\/pages\/69"}],"collection":[{"href":"https:\/\/ladensteinhome.com\/index.php\/wp-json\/wp\/v2\/pages"}],"about":[{"href":"https:\/\/ladensteinhome.com\/index.php\/wp-json\/wp\/v2\/types\/page"}],"author":[{"embeddable":true,"href":"https:\/\/ladensteinhome.com\/index.php\/wp-json\/wp\/v2\/users\/1"}],"replies":[{"embeddable":true,"href":"https:\/\/ladensteinhome.com\/index.php\/wp-json\/wp\/v2\/comments?post=69"}],"version-history":[{"count":9,"href":"https:\/\/ladensteinhome.com\/index.php\/wp-json\/wp\/v2\/pages\/69\/revisions"}],"predecessor-version":[{"id":2492,"href":"https:\/\/ladensteinhome.com\/index.php\/wp-json\/wp\/v2\/pages\/69\/revisions\/2492"}],"wp:attachment":[{"href":"https:\/\/ladensteinhome.com\/index.php\/wp-json\/wp\/v2\/media?parent=69"}],"curies":[{"name":"wp","href":"https:\/\/api.w.org\/{rel}","templated":true}]}}