{"id":2329,"date":"2016-04-25T18:18:12","date_gmt":"2016-04-25T18:18:12","guid":{"rendered":"http:\/\/ladensteinhome.com\/?page_id=2329"},"modified":"2016-08-09T08:15:15","modified_gmt":"2016-08-09T08:15:15","slug":"verkauf","status":"publish","type":"page","link":"https:\/\/ladensteinhome.com\/index.php\/verkauf\/","title":{"rendered":"Verk\u00e4ufer Info"},"content":{"rendered":"<p>[vc_row][vc_column][vc_text_separator title=&#187;Verk\u00e4ufer\/Vermieter k\u00f6nnen von uns erwarten:&#187;][vc_column_text]<\/p>\n<p><strong>Wir ermitteln f\u00fcr unsere Kunden den marktgerechten Kaufpreis. <\/strong>Durch das fundierte Fachwissen und die langj\u00e4hrige Markterfahrung werden die St\u00e4rken und Schw\u00e4chen Ihrer Immobilie analysiert und ein zeitlicher Rahmen f\u00fcr den Verkauf festgelegt, denn jede Immobilie unterscheidet sich bei Lage, Bausubstanz und Ausstattung. Des weiterem werden rechtliche, steuerliche und pers\u00f6nlicher Hintergr\u00fcnde besprochen, denn nur ein realistischer Verkaufspreis f\u00fchrt zum Erfolg.<\/p>\n<p>Nach Aufnahme der Objektdaten und laufenden Kosten wird die Zielgruppe der m\u00f6glichen Kaufinteressenten definiert und mit der bestehenden Datenbank abgeglichen, des weiterem wird die Immobilie auf den passenden Vermarktungsplattformen ver\u00f6ffentlich. Nur mit ausgesuchten Interessenten, um die Effizienz der Besichtigungstermine f\u00fcr alle Beteiligten zu wahren k\u00fcmmern wir uns um die Organisation und Abstimmung von Besichtigungsterminen, f\u00fchren diese professionell durch. Ebenso durchlaufen alle K\u00e4ufer einen Bonit\u00e4tscheck. Somit stellen wir sicher, dass der Verkaufspreis und alle Nebenkosten sichergestellt sind. Der Verkaufspreis \u00fcber die Liegenschaft und des Inventares werden schriftlich im Kaufanbot den Verk\u00e4ufer vorgelegt, der mit seiner Gegenzeichnung den Verkauf best\u00e4tigt. Wir begleiten die Parteien bei der Vertragsabwicklung. Auf Wunsch veranlassen wir den Kaufvertragsentwurf nach Ihren Vorgaben und stehen wir als neutraler Partner jederzeit f\u00fcr Ihre Fragen mit Rat und Tat zur Seite bis hin zur Schl\u00fcssel\u00fcbergabe.[\/vc_column_text][\/vc_column][\/vc_row]<\/p>\n","protected":false},"excerpt":{"rendered":"<p>[vc_row][vc_column][vc_text_separator title=&#187;Verk\u00e4ufer\/Vermieter k\u00f6nnen von uns erwarten:&#187;][vc_column_text] Wir ermitteln f\u00fcr unsere Kunden den marktgerechten Kaufpreis. Durch das fundierte Fachwissen und die langj\u00e4hrige Markterfahrung werden die St\u00e4rken und Schw\u00e4chen Ihrer Immobilie analysiert und ein zeitlicher Rahmen f\u00fcr den Verkauf festgelegt, denn jede Immobilie unterscheidet sich bei Lage, Bausubstanz und Ausstattung. Des weiterem werden rechtliche, steuerliche und pers\u00f6nlicher<\/p>\n","protected":false},"author":1,"featured_media":0,"parent":0,"menu_order":0,"comment_status":"closed","ping_status":"closed","template":"","meta":[],"_links":{"self":[{"href":"https:\/\/ladensteinhome.com\/index.php\/wp-json\/wp\/v2\/pages\/2329"}],"collection":[{"href":"https:\/\/ladensteinhome.com\/index.php\/wp-json\/wp\/v2\/pages"}],"about":[{"href":"https:\/\/ladensteinhome.com\/index.php\/wp-json\/wp\/v2\/types\/page"}],"author":[{"embeddable":true,"href":"https:\/\/ladensteinhome.com\/index.php\/wp-json\/wp\/v2\/users\/1"}],"replies":[{"embeddable":true,"href":"https:\/\/ladensteinhome.com\/index.php\/wp-json\/wp\/v2\/comments?post=2329"}],"version-history":[{"count":5,"href":"https:\/\/ladensteinhome.com\/index.php\/wp-json\/wp\/v2\/pages\/2329\/revisions"}],"predecessor-version":[{"id":2332,"href":"https:\/\/ladensteinhome.com\/index.php\/wp-json\/wp\/v2\/pages\/2329\/revisions\/2332"}],"wp:attachment":[{"href":"https:\/\/ladensteinhome.com\/index.php\/wp-json\/wp\/v2\/media?parent=2329"}],"curies":[{"name":"wp","href":"https:\/\/api.w.org\/{rel}","templated":true}]}}